{"id":646,"date":"2022-07-29T14:55:55","date_gmt":"2022-07-29T12:55:55","guid":{"rendered":"http:\/\/www.centopini.com\/?page_id=646"},"modified":"2026-04-13T16:43:50","modified_gmt":"2026-04-13T14:43:50","slug":"contatti","status":"publish","type":"page","link":"https:\/\/www.centopini.com\/en\/contatti\/","title":{"rendered":"Contact"},"content":{"rendered":"<section class=\"wao-blocks-container container mb-2 mt-4\"\n\t\t>\n    \n<div class=\"wao-blocks-row row\" >\n    \n\n<div class=\"col-12 col-md-12 text-center p-4\"\n     \n\t \n\t>\n        \n<div class=\"mx-auto max-w-1140px\" >\n\n\n<div class=\"breadcrumb-block\"\n    >\n    <div class=\"mb-3 mx-auto text-center small\">\n        <a href=\"https:\/\/www.centopini.com\/en\" rel=\"nofollow\" title=\"Home\">Home &gt;<\/a>\n        Contatti    <\/div>\n<\/div>\n\n<div class=\"position-relative w-100 mb-3\">\n<div class=\"ico_ramoscello-sx d-none d-lg-block\"><\/div>\n\n\n\n<h1 class=\"wp-block-heading\">Contatti<\/h1>\n\n\n\n<h2 class=\"wp-block-heading font-family-sofia text-tertiary\">Per tutti i contatti, le richieste di informazioni o di preventivo specifiche, \u00e8 possibile contattarci grazie all\u2019apposito form o inviandoci una mail.<\/h2>\n\n\n<div class=\"ico_ramoscello-dx d-none d-lg-block\"><\/div>\n<\/div>\n<\/div>\n    <\/div>\n<\/div>\n<\/section>\n\n<section class=\"wao-blocks-container container-fluid mb-0 g--bkg-dark-03\"\n\t\t>\n    \n<div class=\"wao-blocks-row row pb-4\" >\n    \n\n<div class=\"col-12 col-md-12\"\n     \n\t \n\t>\n        \n<div class=\"mx-auto p-4 max-w-1340px\">\n\n\n<div class=\"merida_root\" id=\"merida_block\"><\/div>\n\n<script>\nvar merida_config_merida_block = {\n    customerId: 921 ,\n    showSuccessModal : true,\n    rootEl: \"merida_block\",\n    childrenAgeMax: 16,\n    childrenAgeMin: 0,\n    layout: \"compact\",\n    language: \"en\",\n                theme : {\n        colors: {\n            primary: '#443a2d',\n            primaryTextAlt: '#443a2d',\n            secondary: '#c5c538',\n            secondaryTextAlt: '#443a2d',\n            text: '#443a2d',\n            error: '#cc0033',\n            formBackground: '#d9d6c2',\n            label: '#443a2d',\n            labelInput: '#443a2d',\n            labelInputActive: '#7ebd6d',\n            inputBackground: '#eeeeee',\n            inputBorder: '#eeeeee',\n            checkboxBorder: '#eeeeee',\n        }\n    },\n    onSuccess : function(res) {\n        \n                        if (typeof(ga) !== 'undefined') {\n                   ga('send', 'event', 'Email', 'Invio', 'Form');\n                }\n                    }\n};\n\n(function(url, cb) {\n    var s = document.createElement(\"script\");\n    s.type = \"text\/javascript\";\n\n    if (s.readyState) { \/\/IE\n        s.onreadystatechange = function() {\n            if (s.readyState == \"loaded\" || s.readyState == \"complete\") {\n                s.onreadystatechange = null;\n                cb();\n            }\n        };\n    } else { \/\/Others\n        s.onload = function() {\n            cb();\n        };\n    }\n\n    s.src = url;\n    document.getElementsByTagName(\"head\")[0].appendChild(s);\n})(\"https:\/\/static.adriasonline.it\/merida\/latest\/merida.js\", function() {\n    window.aoForm = merida(merida_config_merida_block);\n});\n<\/script>\n\n<\/div>\n    <\/div>\n<\/div>\n<\/section>\n\n<section class=\"wao-blocks-container container-fluid mb-0 bkg-fiori-verdi\"\n\t\t>\n    \n<div class=\"wao-blocks-row row\" >\n    \n\n<div class=\"col-12 col-md-12 text-center\"\n     \n\t \n\t>\n        \n<div class=\"mx-auto p-4\">\n\n\n<h2 class=\"text-quaternary font-family-sofia mb-4 wp-block-heading\">Dicono di noi<\/h2>\n\n\n<div id=\"innerblocks-slider-parent1\" data-wrapAround='true' data-cellAlign=\"right\" data-bgLazyLoad=\"1\" data-freeScroll=\"false\" data-autoPlay=\"2000\" data-pauseAutoPlayOnHover =\"true\" data-prevNextButtons=\"false\" data-contain=\"true\" data-pageDots=\"true\" data-draggable=\"true\"  class=\"wrap-desktop js--flickity wao-blocks-slider dot-recensioni innerblocks-slider-parent-80262\"  style=\"margin-bottom: 35px\">\n            <div class=\"col-12 col-md-12 col-lg-4 p-0\" style=\"height:auto\">\n            \n    <div \n        class='innerblocks-slider-child wao-blocks-innerblocks-slider-child g--bkg-light-03 p-4  mx-4' \n        >\n        \n\n<p class=\"text-uppercase text-primary display-4\">Un hotel immerso nel verde<\/p>\n\n\n\n<p>Un hotel immerso nel verde, con vista dalle colline fino al mare. I gestori sono simpatici e gentili sono davvero quel qualcosa in pi\u00f9 che solo in pochi altri posti ho trovato. E in pi\u00f9 un ottima e ricca colazione con tante torte e altre cose buone preparate fresche.<\/p>\n\n\n<div class=\"ico_ramoscello-marrone\"><\/div>\n\n\n\n<h5 class=\"text-primary font-family-sofia wp-block-heading\">Roberto Granella<\/h5>\n\n    <\/div>\n    <style>\n        @media screen and (max-width: 992px) {\n            .innerblocks-slider-child {\n                margin: auto !important;\n            }\n        }\n    <\/style>\n  \n\n        <\/div>\n            <div class=\"col-12 col-md-12 col-lg-4 p-0\" style=\"height:auto\">\n            \n    <div \n        class='innerblocks-slider-child wao-blocks-innerblocks-slider-child g--bkg-light-03 p-4  mx-4' \n        >\n        \n\n<p class=\"text-uppercase text-primary display-4\">Ottimo rapporto qualit\u00e0\/prezzo<\/p>\n\n\n\n<p>Posizione ideale per godere di un po' di frescura, si gode di una splendida vista. <br>Ottimo rapporto qualit\u00e0\/prezzo. <br>Bella la piscina e ottima colazione. <br>Consigliato.<\/p>\n\n\n<div class=\"ico_ramoscello-marrone\"><\/div>\n\n\n\n<h5 class=\"text-primary font-family-sofia wp-block-heading\">carmine amelio<\/h5>\n\n    <\/div>\n    <style>\n        @media screen and (max-width: 992px) {\n            .innerblocks-slider-child {\n                margin: auto !important;\n            }\n        }\n    <\/style>\n  \n\n        <\/div>\n            <div class=\"col-12 col-md-12 col-lg-4 p-0\" style=\"height:auto\">\n            \n    <div \n        class='innerblocks-slider-child wao-blocks-innerblocks-slider-child g--bkg-light-03 p-4  mx-4' \n        >\n        \n\n<p class=\"text-uppercase text-primary display-4\">Esperienza da ripetere<\/p>\n\n\n\n<p>Hotel perfetto per vivere in modo diverso la zona di Rimini. A qualche chilometro dalla costa, in posizione dominante e tranquilla, \u00e8 pulito, ben tenuto, dotato di una bella piscina. (...) Grande l\u2019attenzione all\u2019igiene, ha un ottimo ristorante e fa una pizza davvero speciale! Gestito da una famiglia accogliente e simpatica. Un posto dove tornare!<\/p>\n\n\n<div class=\"ico_ramoscello-marrone\"><\/div>\n\n\n\n<h5 class=\"text-primary font-family-sofia wp-block-heading\">emcar67<\/h5>\n\n    <\/div>\n    <style>\n        @media screen and (max-width: 992px) {\n            .innerblocks-slider-child {\n                margin: auto !important;\n            }\n        }\n    <\/style>\n  \n\n        <\/div>\n            <div class=\"col-12 col-md-12 col-lg-4 p-0\" style=\"height:auto\">\n            \n    <div \n        class='innerblocks-slider-child wao-blocks-innerblocks-slider-child g--bkg-light-03 p-4  mx-4' \n        >\n        \n\n<p class=\"text-uppercase text-primary display-4\">Un soggiorno di \"qualit\u00e0\"<\/p>\n\n\n\n<p>Conosco quest'agrihotel da pi\u00f9 di un decennio e quando posso ci ritorno sempre con grande piacere. Il mix \u00e8 perfetto: c'\u00e8 un panorama mozzafiato, una piscina accogliente con angolo idromassaggio, camere pulite e spaziose, campo da tennis\/calcetto, ma ci\u00f2 che \u00e8 davvero il fiore all'occhiello di questa struttura \u00e8 la cucina.<\/p>\n\n\n<div class=\"ico_ramoscello-marrone\"><\/div>\n\n\n\n<h5 class=\"text-primary font-family-sofia wp-block-heading\">Salvatore M<\/h5>\n\n    <\/div>\n    <style>\n        @media screen and (max-width: 992px) {\n            .innerblocks-slider-child {\n                margin: auto !important;\n            }\n        }\n    <\/style>\n  \n        <\/div>\n    <\/div>\n<div id=\"innerblocks-slider-parent2\"  data-wrapAround='true' data-cellAlign=\"right\" data-bgLazyLoad=\"1\" data-freeScroll=\"false\" data-autoPlay=\"2000\" data-pauseAutoPlayOnHover =\"true\" data-prevNextButtons=\"false\" data-contain=\"true\" data-pageDots=\"true\" data-draggable=\"true\" class=\"wrap-mobile js--flickity wao-blocks-slider dot-recensioni innerblocks-slider-parent-80262\"  style=\"margin-bottom: 35px\">\n            <div class=\"col-12 col-md-12 col-lg-4 p-0\" style=\"height:auto\">\n            \n    <div \n        class='innerblocks-slider-child wao-blocks-innerblocks-slider-child g--bkg-light-03 p-4  mx-4' \n        >\n        \n\n<p class=\"text-uppercase text-primary display-4\">Un hotel immerso nel verde<\/p>\n\n\n\n<p>Un hotel immerso nel verde, con vista dalle colline fino al mare. I gestori sono simpatici e gentili sono davvero quel qualcosa in pi\u00f9 che solo in pochi altri posti ho trovato. E in pi\u00f9 un ottima e ricca colazione con tante torte e altre cose buone preparate fresche.<\/p>\n\n\n<div class=\"ico_ramoscello-marrone\"><\/div>\n\n\n\n<h5 class=\"text-primary font-family-sofia wp-block-heading\">Roberto Granella<\/h5>\n\n    <\/div>\n    <style>\n        @media screen and (max-width: 992px) {\n            .innerblocks-slider-child {\n                margin: auto !important;\n            }\n        }\n    <\/style>\n  \n\n        <\/div>\n            <div class=\"col-12 col-md-12 col-lg-4 p-0\" style=\"height:auto\">\n            \n    <div \n        class='innerblocks-slider-child wao-blocks-innerblocks-slider-child g--bkg-light-03 p-4  mx-4' \n        >\n        \n\n<p class=\"text-uppercase text-primary display-4\">Ottimo rapporto qualit\u00e0\/prezzo<\/p>\n\n\n\n<p>Posizione ideale per godere di un po' di frescura, si gode di una splendida vista. <br>Ottimo rapporto qualit\u00e0\/prezzo. <br>Bella la piscina e ottima colazione. <br>Consigliato.<\/p>\n\n\n<div class=\"ico_ramoscello-marrone\"><\/div>\n\n\n\n<h5 class=\"text-primary font-family-sofia wp-block-heading\">carmine amelio<\/h5>\n\n    <\/div>\n    <style>\n        @media screen and (max-width: 992px) {\n            .innerblocks-slider-child {\n                margin: auto !important;\n            }\n        }\n    <\/style>\n  \n\n        <\/div>\n            <div class=\"col-12 col-md-12 col-lg-4 p-0\" style=\"height:auto\">\n            \n    <div \n        class='innerblocks-slider-child wao-blocks-innerblocks-slider-child g--bkg-light-03 p-4  mx-4' \n        >\n        \n\n<p class=\"text-uppercase text-primary display-4\">Esperienza da ripetere<\/p>\n\n\n\n<p>Hotel perfetto per vivere in modo diverso la zona di Rimini. A qualche chilometro dalla costa, in posizione dominante e tranquilla, \u00e8 pulito, ben tenuto, dotato di una bella piscina. (...) Grande l\u2019attenzione all\u2019igiene, ha un ottimo ristorante e fa una pizza davvero speciale! Gestito da una famiglia accogliente e simpatica. Un posto dove tornare!<\/p>\n\n\n<div class=\"ico_ramoscello-marrone\"><\/div>\n\n\n\n<h5 class=\"text-primary font-family-sofia wp-block-heading\">emcar67<\/h5>\n\n    <\/div>\n    <style>\n        @media screen and (max-width: 992px) {\n            .innerblocks-slider-child {\n                margin: auto !important;\n            }\n        }\n    <\/style>\n  \n\n        <\/div>\n            <div class=\"col-12 col-md-12 col-lg-4 p-0\" style=\"height:auto\">\n            \n    <div \n        class='innerblocks-slider-child wao-blocks-innerblocks-slider-child g--bkg-light-03 p-4  mx-4' \n        >\n        \n\n<p class=\"text-uppercase text-primary display-4\">Un soggiorno di \"qualit\u00e0\"<\/p>\n\n\n\n<p>Conosco quest'agrihotel da pi\u00f9 di un decennio e quando posso ci ritorno sempre con grande piacere. Il mix \u00e8 perfetto: c'\u00e8 un panorama mozzafiato, una piscina accogliente con angolo idromassaggio, camere pulite e spaziose, campo da tennis\/calcetto, ma ci\u00f2 che \u00e8 davvero il fiore all'occhiello di questa struttura \u00e8 la cucina.<\/p>\n\n\n<div class=\"ico_ramoscello-marrone\"><\/div>\n\n\n\n<h5 class=\"text-primary font-family-sofia wp-block-heading\">Salvatore M<\/h5>\n\n    <\/div>\n    <style>\n        @media screen and (max-width: 992px) {\n            .innerblocks-slider-child {\n                margin: auto !important;\n            }\n        }\n    <\/style>\n  \n        <\/div>\n    <\/div>\n\n<\/div>\n    <\/div>\n<\/div>\n<\/section>\n\n<section class=\"wao-blocks-container container-fluid mb-0 g--bkg-dark-03\"\n\t\t>\n    \n<div class=\"wao-blocks-row row\" >\n    \n\n<div class=\"col-12 col-md-12 d-flex align-items-center justify-content-center\"\n     \n\t \n\t>\n        \n<div class=\"p-5\">\n\n\n<p class=\"display-3 text-uppercase\">Newsletter<\/p>\n\n\n<script src=\"https:\/\/www.google.com\/recaptcha\/enterprise.js?render=6LdKs-6Lc3xMIcAAAAAO2K3CkgGUYb6BcsBOk289jP7NUP\"><\/script>\n<div class=\"wao-blocks-newsletter-v2\">\n    \n<!--IMPORTANTE non cambiare il nome degli id, dei name, dei title, e la classe privacy link-privacy-policy -->\n<div class=\"l--box-newsletter\">\n\t<form id=\"iscrizione_newsletter\" class=\"custom\" autocomplete=\"OFF\" method=\"post\" name=\"iscrizione_newsletter\">\n\t\t<fieldset>\n\t\t\t<div class=\"form-group row\">\n\t\t\t\t<div class=\"col-12 col-lg-4 mb-2\"><input id=\"news_nome\" class=\"form-control text-tertiary rounded-0\" name=\"nome\" type=\"text\" placeholder=\"Nome*\"><\/div>\n\t\t\t\t<div class=\"col-12 col-lg-4 mb-2 px-lg-1\"><input id=\"news_email\" class=\"form-control text-tertiary rounded-0\" name=\"email\" type=\"text\" value=\"\" placeholder=\"Email*\"><\/div>\n\t\t\t\t<div class=\"col-12 col-lg-4 mb-2\">\n\t\t\t\t\t<button id=\"iscrizioneNewsletter\" class=\"btn btn-primary btn-block text-uppercase\" style=\"border-radius: 0;\" type=\"submit\">Iscriviti<\/button>\n\t\t\t\t\t<input name=\"dominio\" type=\"hidden\" value=\"https:\/\/www.centopini.com\/en\/\">\n\t\t\t\t\t<input name=\"idHotel\" type=\"hidden\" value=\"\">\n\t\t\t\t\t<input name=\"lingua\" type=\"hidden\" value=\"it\">\n\t\t\t\t<\/div>\n\t\t\t\t<div id=\"newsletter\" class=\"col-12\">\n\t\t\t\t\t<input id=\"news_privacy\" style=\"width: 30px; height: 30px;\" name=\"news_privacy\" type=\"checkbox\" value=\"on\">\n\t\t\t\t\t<label style=\"vertical-align: text-bottom; font-size: 20px; color: #ffffff;\" for=\"news_privacy\">\n\t\t\t\t\t\t* <small> <a class=\"privacy link-privacy-policy\" style=\"cursor: pointer;\" title=\"privacy\">Accetto privacy policy<\/a><\/small>\n\t\t\t\t\t<\/label>\n\t\t\t\t<\/div>\n\t\t\t<\/div>\n\t\t<\/fieldset>\n\t<\/form>\n<\/div>\n<div id=\"divAlert\" class=\"h-50 w-50 m-auto alert-info d-none\" style=\"position: fixed; top: 10px; left: 10px; right: 10px; bottom: 10px; z-index: 2000; overflow: auto;\">\n\t<div class=\"text-right\">\n\t\t<a class=\"btn btn-primary btn_chiudi \" href=\"javascript:void(0)\" onclick=\"location.reload(true);\"><i class=\"fa fa-times\" aria-hidden=\"true\"><\/i><\/a>\n<\/div>\n\t<div class=\"text-center alert-info l--align-middle-vertical\" style=\"height: calc(100% - 50px);\">\n\t\t\n\t\t<div class=\"text-center h-50 w-50\">\n\t\t\t<i class=\"fa fa-paper-plane\" aria-hidden=\"true\"><\/i>\n\t\t\t<h4>iscrizione alla newsletter completata con successo<\/h4>\n\t\t<\/div>\n\t<\/div>\n<\/div>\n<\/div>\n\n<\/div>\n    <\/div>\n<\/div>\n<\/section>\n\n<section class=\"wao-blocks-container container-fluid mb-0\"\n\t\t>\n    \n<div class=\"wao-blocks-row row\" >\n    \n\n<div class=\"col-12 col-md-6 col-lg-7 p-0\"\n     \n\t \n\t>\n        \n<iframe class=\"gmap js--lazy-load\" data-src=\"https:\/\/www.google.com\/maps\/embed?pb=!1m18!1m12!1m3!1d109406.21852700728!2d12.590030857969689!3d43.897721745682816!2m3!1f0!2f0!3f0!3m2!1i1024!2i768!4f13.1!3m3!1m2!1s0x132cef1b9cee0b47%3A0x3c6ea12e148a190e!2sHotel%20Centopini!5e0!3m2!1sit!2sit!4v1658933960801!5m2!1sit!2sit\" width=\"100%\" height=\"100%\" title=\"Centopini su Goole Map\" allowfullscreen=\"\" loading=\"lazy\" referrerpolicy=\"no-referrer-when-downgrade\"><\/iframe>\n\n    <\/div>\n\n\n<div class=\"col-12 col-md-6 col-lg-5 g--bkg-light-03 d-flex align-items-center justify-content-center\"\n     \n\t \n\t>\n        \n<div class=\"text-center p-4\">\n\n\n<h2 class=\"wp-block-heading h4 font-family-sofia text-primary\">Seguici sui nostri canali social<\/h2>\n\n\n<div class=\"d-inline-block my-3 text-center\">\n<a href=\"https:\/\/www.facebook.com\/hotelCentopiniGemmano\/\" target=\"_blank\" class=\"d-inline-block mr-4\"><span class=\"ico-facebook\"><\/span><\/a>\n<a href=\"https:\/\/www.instagram.com\/hotel_centopini_gemmano\/\" target=\"_blank\" class=\"d-inline-block\"><span class=\"ico-instagram\"><\/span><\/a>\n<\/div>\n\n<div class=\"ico_ramoscello-top d-none d-md-block mx-auto js--hideme\" data-anim=\"tada\"><\/div>\n\n\n<h2 class=\"wp-block-heading h4 font-family-sofia text-primary mt-3 d-none\">Guarda il nostro video<\/h2>\n\n\n<!--div class=\"d-block my-4 text-center\"><a href=\"#\" target=\"_blank\"><div class=\"ico-youtube\"><\/div><\/a><\/div-->\n\n\n\n<\/div>\n    <\/div>\n<\/div>\n<\/section>\n\n<section class=\"wao-blocks-container container-fluid mb-0 g--bkg-light-02\"\n\t\t>\n    \n<div class=\"wao-blocks-row row\" >\n    \n\n<div class=\"col-12 col-md-12 p-4 text-center mx-auto\"\n     \n\t \n\t>\n        \n\n<h2 class=\"wp-block-heading h4 font-family-sofia mb-3\">Il nostro pi\u00f9 grande orgoglio, la vostra soddisfazione!<\/h2>\n\n\n<div id=\"innerblocks-slider-parent1\" data-wrapAround='false' data-cellAlign=\"right\"data-freeScroll=\"false\" data-autoPlay=\"2000\" data-pauseAutoPlayOnHover =\"true\" data-prevNextButtons=\"false\" data-contain=\"true\" data-pageDots=\"false\" data-draggable=\"true\"  class=\"wrap-desktop js--flickity wao-blocks-slider  mx-auto innerblocks-slider-parent-7855 no-drag-fix-innerblocks-slider-parent-7855 \"  >\n            <div class=\"col-12 col-md-6 col-lg-4 p-0\" style=\"height:130px\">\n            \n    <div \n        class='innerblocks-slider-child wao-blocks-innerblocks-slider-child bkg-box-soddisfazione' \n        >\n        \n\n<p class=\"mb-2 display-4 font-weight-bold\">Tripadvisor<\/p>\n\n\n\n<p class=\"text-secondary m-0 display-3 font-weight-bold\">4.5<\/p>\n\n\n\n<p class=\"text-small pb-3 display-5 font-weight-bold\">su 5<\/p>\n\n    <\/div>\n    <style>\n        @media screen and (max-width: 992px) {\n            .innerblocks-slider-child {\n                margin: auto !important;\n            }\n        }\n    <\/style>\n  \n\n        <\/div>\n            <div class=\"col-12 col-md-6 col-lg-4 p-0\" style=\"height:130px\">\n            \n    <div \n        class='innerblocks-slider-child wao-blocks-innerblocks-slider-child bkg-box-soddisfazione' \n        >\n        \n\n<p class=\"mb-2 display-4 font-weight-bold\">Booking<\/p>\n\n\n\n<p class=\"text-secondary m-0 display-3 font-weight-bold\">9.3<\/p>\n\n\n\n<p class=\"text-small pb-3 display-5 font-weight-bold\">su 10<\/p>\n\n    <\/div>\n    <style>\n        @media screen and (max-width: 992px) {\n            .innerblocks-slider-child {\n                margin: auto !important;\n            }\n        }\n    <\/style>\n  \n\n        <\/div>\n            <div class=\"col-12 col-md-6 col-lg-4 p-0\" style=\"height:130px\">\n            \n    <div \n        class='innerblocks-slider-child wao-blocks-innerblocks-slider-child bkg-box-soddisfazione' \n        >\n        \n\n<p class=\"mb-2 display-4 font-weight-bold\">Google<\/p>\n\n\n\n<p class=\"text-secondary m-0 display-3 font-weight-bold\">4.7<\/p>\n\n\n\n<p class=\"text-small pb-3 display-5 font-weight-bold\">su 5<\/p>\n\n    <\/div>\n    <style>\n        @media screen and (max-width: 992px) {\n            .innerblocks-slider-child {\n                margin: auto !important;\n            }\n        }\n    <\/style>\n  \n        <\/div>\n    <\/div>\n<div id=\"innerblocks-slider-parent2\"  data-wrapAround='true' data-cellAlign=\"right\"data-freeScroll=\"false\" data-autoPlay=\"2000\" data-pauseAutoPlayOnHover =\"true\" data-prevNextButtons=\"false\" data-contain=\"true\" data-pageDots=\"false\" data-draggable=\"true\" class=\"wrap-mobile js--flickity wao-blocks-slider  mx-auto innerblocks-slider-parent-7855\"  >\n            <div class=\"col-12 col-md-6 col-lg-4 p-0\" style=\"height:130px\">\n            \n    <div \n        class='innerblocks-slider-child wao-blocks-innerblocks-slider-child bkg-box-soddisfazione' \n        >\n        \n\n<p class=\"mb-2 display-4 font-weight-bold\">Tripadvisor<\/p>\n\n\n\n<p class=\"text-secondary m-0 display-3 font-weight-bold\">4.5<\/p>\n\n\n\n<p class=\"text-small pb-3 display-5 font-weight-bold\">su 5<\/p>\n\n    <\/div>\n    <style>\n        @media screen and (max-width: 992px) {\n            .innerblocks-slider-child {\n                margin: auto !important;\n            }\n        }\n    <\/style>\n  \n\n        <\/div>\n            <div class=\"col-12 col-md-6 col-lg-4 p-0\" style=\"height:130px\">\n            \n    <div \n        class='innerblocks-slider-child wao-blocks-innerblocks-slider-child bkg-box-soddisfazione' \n        >\n        \n\n<p class=\"mb-2 display-4 font-weight-bold\">Booking<\/p>\n\n\n\n<p class=\"text-secondary m-0 display-3 font-weight-bold\">9.3<\/p>\n\n\n\n<p class=\"text-small pb-3 display-5 font-weight-bold\">su 10<\/p>\n\n    <\/div>\n    <style>\n        @media screen and (max-width: 992px) {\n            .innerblocks-slider-child {\n                margin: auto !important;\n            }\n        }\n    <\/style>\n  \n\n        <\/div>\n            <div class=\"col-12 col-md-6 col-lg-4 p-0\" style=\"height:130px\">\n            \n    <div \n        class='innerblocks-slider-child wao-blocks-innerblocks-slider-child bkg-box-soddisfazione' \n        >\n        \n\n<p class=\"mb-2 display-4 font-weight-bold\">Google<\/p>\n\n\n\n<p class=\"text-secondary m-0 display-3 font-weight-bold\">4.7<\/p>\n\n\n\n<p class=\"text-small pb-3 display-5 font-weight-bold\">su 5<\/p>\n\n    <\/div>\n    <style>\n        @media screen and (max-width: 992px) {\n            .innerblocks-slider-child {\n                margin: auto !important;\n            }\n        }\n    <\/style>\n  \n        <\/div>\n    <\/div>\n    <\/div>\n<\/div>\n<\/section>","protected":false},"excerpt":{"rendered":"","protected":false},"author":1,"featured_media":0,"parent":0,"menu_order":0,"comment_status":"closed","ping_status":"closed","template":"","meta":{"footnotes":""},"class_list":["post-646","page","type-page","status-publish","hentry"],"_links":{"self":[{"href":"https:\/\/www.centopini.com\/en\/wp-json\/wp\/v2\/pages\/646","targetHints":{"allow":["GET"]}}],"collection":[{"href":"https:\/\/www.centopini.com\/en\/wp-json\/wp\/v2\/pages"}],"about":[{"href":"https:\/\/www.centopini.com\/en\/wp-json\/wp\/v2\/types\/page"}],"author":[{"embeddable":true,"href":"https:\/\/www.centopini.com\/en\/wp-json\/wp\/v2\/users\/1"}],"replies":[{"embeddable":true,"href":"https:\/\/www.centopini.com\/en\/wp-json\/wp\/v2\/comments?post=646"}],"version-history":[{"count":7,"href":"https:\/\/www.centopini.com\/en\/wp-json\/wp\/v2\/pages\/646\/revisions"}],"predecessor-version":[{"id":1512,"href":"https:\/\/www.centopini.com\/en\/wp-json\/wp\/v2\/pages\/646\/revisions\/1512"}],"wp:attachment":[{"href":"https:\/\/www.centopini.com\/en\/wp-json\/wp\/v2\/media?parent=646"}],"curies":[{"name":"wp","href":"https:\/\/api.w.org\/{rel}","templated":true}]}}